{"id":294,"date":"2025-05-08T13:24:27","date_gmt":"2025-05-08T13:24:27","guid":{"rendered":"http:\/\/sagersys.de\/?page_id=294"},"modified":"2025-05-08T13:24:27","modified_gmt":"2025-05-08T13:24:27","slug":"kontaktinformationen-und-interessensabfrage","status":"publish","type":"page","link":"https:\/\/sagersys.de\/index.php\/kontaktinformationen-und-interessensabfrage\/","title":{"rendered":"Kontaktinformationen und Interessensabfrage"},"content":{"rendered":"<div class=\"wpforms-container wpforms-container-full wpforms-block wpforms-block-d23cd5e8-e918-473b-9031-c29f163b9611 wpforms-render-modern\" id=\"wpforms-253\"><form id=\"wpforms-form-253\" class=\"wpforms-validate wpforms-form wpforms-ajax-form\" data-formid=\"253\" method=\"post\" enctype=\"multipart\/form-data\" action=\"\/index.php\/wp-json\/wp\/v2\/pages\/294\" data-token=\"d60e12315287a29d7da2b0b08b181e74\" data-token-time=\"1775861283\"><noscript class=\"wpforms-error-noscript\">Bitte aktiviere JavaScript in deinem Browser, um dieses Formular fertigzustellen.<\/noscript><div class=\"wpforms-hidden\" id=\"wpforms-error-noscript\">Bitte aktiviere JavaScript in deinem Browser, um dieses Formular fertigzustellen.<\/div><div class=\"wpforms-field-container\"><div id=\"wpforms-253-field_1-container\" class=\"wpforms-field wpforms-field-name\" data-field-id=\"1\"><fieldset><legend class=\"wpforms-field-label\">Name <span class=\"wpforms-required-label\" aria-hidden=\"true\">*<\/span><\/legend><div class=\"wpforms-field-row wpforms-field-medium\"><div class=\"wpforms-field-row-block wpforms-first wpforms-one-half\"><input type=\"text\" id=\"wpforms-253-field_1\" class=\"wpforms-field-name-first wpforms-field-required\" name=\"wpforms[fields][1][first]\" aria-errormessage=\"wpforms-253-field_1-error\" required><label for=\"wpforms-253-field_1\" class=\"wpforms-field-sublabel after\">Vorname<\/label><\/div><div class=\"wpforms-field-row-block wpforms-one-half\"><input type=\"text\" id=\"wpforms-253-field_1-last\" class=\"wpforms-field-name-last wpforms-field-required\" name=\"wpforms[fields][1][last]\" aria-errormessage=\"wpforms-253-field_1-last-error\" required><label for=\"wpforms-253-field_1-last\" class=\"wpforms-field-sublabel after\">Nachname<\/label><\/div><\/div><\/fieldset><\/div><div id=\"wpforms-253-field_13-container\" class=\"wpforms-field wpforms-field-text\" data-field-id=\"13\"><label class=\"wpforms-field-label\" for=\"wpforms-253-field_13\">Firma <span class=\"wpforms-required-label\" aria-hidden=\"true\">*<\/span><\/label><input type=\"text\" id=\"wpforms-253-field_13\" class=\"wpforms-field-medium wpforms-field-required\" name=\"wpforms[fields][13]\" aria-errormessage=\"wpforms-253-field_13-error\" required><\/div><div id=\"wpforms-253-field_9-container\" class=\"wpforms-field wpforms-field-email\" data-field-id=\"9\"><label class=\"wpforms-field-label\" for=\"wpforms-253-field_9\">Ihre E-Mail-Adresse <span class=\"wpforms-required-label\" aria-hidden=\"true\">*<\/span><\/label><input type=\"email\" id=\"wpforms-253-field_9\" class=\"wpforms-field-medium wpforms-field-required\" name=\"wpforms[fields][9]\" spellcheck=\"false\" aria-errormessage=\"wpforms-253-field_9-error\" aria-describedby=\"wpforms-253-field_9-description\" required><div id=\"wpforms-253-field_9-description\" class=\"wpforms-field-description\">F\u00fcr die Kontaktaufnahme und den Versand weiterer Informationen<\/div><\/div><div id=\"wpforms-253-field_14-container\" class=\"wpforms-field wpforms-field-text\" data-field-id=\"14\"><label class=\"wpforms-field-label\" for=\"wpforms-253-field_14\">Telefonnummer<\/label><input type=\"text\" id=\"wpforms-253-field_14\" class=\"wpforms-field-medium\" name=\"wpforms[fields][14]\" aria-errormessage=\"wpforms-253-field_14-error\" aria-describedby=\"wpforms-253-field_14-description\" ><div id=\"wpforms-253-field_14-description\" class=\"wpforms-field-description\">Erm\u00f6glicht eine schnellere Kontaktaufnahme f\u00fcr ein erstes Gespr\u00e4ch<\/div><\/div><div id=\"wpforms-253-field_4-container\" class=\"wpforms-field wpforms-field-checkbox\" data-field-id=\"4\"><fieldset><legend class=\"wpforms-field-label\">Welche Netzwerk Services interessieren Sie prim\u00e4r?  <span class=\"wpforms-required-label\" aria-hidden=\"true\">*<\/span><\/legend><ul id=\"wpforms-253-field_4\" class=\"wpforms-field-required\"><li class=\"choice-1 depth-1\"><input type=\"checkbox\" id=\"wpforms-253-field_4_1\" name=\"wpforms[fields][4][]\" value=\"Netzwerkplanung &amp; Design\" aria-errormessage=\"wpforms-253-field_4_1-error\" aria-describedby=\"wpforms-253-field_4-description\" required ><label class=\"wpforms-field-label-inline\" for=\"wpforms-253-field_4_1\">Netzwerkplanung &amp; Design<\/label><\/li><li class=\"choice-2 depth-1\"><input type=\"checkbox\" id=\"wpforms-253-field_4_2\" name=\"wpforms[fields][4][]\" value=\"Implementierung &amp; Konfiguration\" aria-errormessage=\"wpforms-253-field_4_2-error\" aria-describedby=\"wpforms-253-field_4-description\" required ><label class=\"wpforms-field-label-inline\" for=\"wpforms-253-field_4_2\">Implementierung &amp; Konfiguration<\/label><\/li><li class=\"choice-3 depth-1\"><input type=\"checkbox\" id=\"wpforms-253-field_4_3\" name=\"wpforms[fields][4][]\" value=\"Netzwerkmanagement &amp; Monitoring\" aria-errormessage=\"wpforms-253-field_4_3-error\" aria-describedby=\"wpforms-253-field_4-description\" required ><label class=\"wpforms-field-label-inline\" for=\"wpforms-253-field_4_3\">Netzwerkmanagement &amp; Monitoring<\/label><\/li><li class=\"choice-4 depth-1\"><input type=\"checkbox\" id=\"wpforms-253-field_4_4\" name=\"wpforms[fields][4][]\" value=\"Netzwerksicherheit\" aria-errormessage=\"wpforms-253-field_4_4-error\" aria-describedby=\"wpforms-253-field_4-description\" required ><label class=\"wpforms-field-label-inline\" for=\"wpforms-253-field_4_4\">Netzwerksicherheit<\/label><\/li><li class=\"choice-5 depth-1\"><input type=\"checkbox\" id=\"wpforms-253-field_4_5\" name=\"wpforms[fields][4][]\" value=\"Cloud Networking\" aria-errormessage=\"wpforms-253-field_4_5-error\" aria-describedby=\"wpforms-253-field_4-description\" required ><label class=\"wpforms-field-label-inline\" for=\"wpforms-253-field_4_5\">Cloud Networking<\/label><\/li><li class=\"choice-7 depth-1\"><input type=\"checkbox\" id=\"wpforms-253-field_4_7\" name=\"wpforms[fields][4][]\" value=\"WLAN-L\u00f6sungen\" aria-errormessage=\"wpforms-253-field_4_7-error\" aria-describedby=\"wpforms-253-field_4-description\" required ><label class=\"wpforms-field-label-inline\" for=\"wpforms-253-field_4_7\">WLAN-L\u00f6sungen<\/label><\/li><li class=\"choice-6 depth-1\"><input type=\"checkbox\" id=\"wpforms-253-field_4_6\" name=\"wpforms[fields][4][]\" value=\"SD-WAN\" aria-errormessage=\"wpforms-253-field_4_6-error\" aria-describedby=\"wpforms-253-field_4-description\" required ><label class=\"wpforms-field-label-inline\" for=\"wpforms-253-field_4_6\">SD-WAN<\/label><\/li><li class=\"choice-8 depth-1\"><input type=\"checkbox\" id=\"wpforms-253-field_4_8\" name=\"wpforms[fields][4][]\" value=\"Andere (Bitte im Kommentarfeld angeben)\" aria-errormessage=\"wpforms-253-field_4_8-error\" aria-describedby=\"wpforms-253-field_4-description\" required ><label class=\"wpforms-field-label-inline\" for=\"wpforms-253-field_4_8\">Andere (Bitte im Kommentarfeld angeben)<\/label><\/li><\/ul><div id=\"wpforms-253-field_4-description\" class=\"wpforms-field-description\">Mehrfachauswahl m\u00f6glich<\/div><\/fieldset><\/div><div id=\"wpforms-253-field_3-container\" class=\"wpforms-field wpforms-field-radio\" data-field-id=\"3\"><fieldset><legend class=\"wpforms-field-label\">Wie dringend ist Ihr Bedarf an diesen Services?  <span class=\"wpforms-required-label\" aria-hidden=\"true\">*<\/span><\/legend><ul id=\"wpforms-253-field_3\" class=\"wpforms-field-required\"><li class=\"choice-1 depth-1\"><input type=\"radio\" id=\"wpforms-253-field_3_1\" name=\"wpforms[fields][3]\" value=\"Sehr dringend (innerhalb der n\u00e4chsten 1-3 Monate)\" aria-errormessage=\"wpforms-253-field_3_1-error\" required ><label class=\"wpforms-field-label-inline\" for=\"wpforms-253-field_3_1\">Sehr dringend (innerhalb der n\u00e4chsten 1-3 Monate)<\/label><\/li><li class=\"choice-2 depth-1\"><input type=\"radio\" id=\"wpforms-253-field_3_2\" name=\"wpforms[fields][3]\" value=\"Mittelfristig (innerhalb der n\u00e4chsten 3-6 Monate)\" aria-errormessage=\"wpforms-253-field_3_2-error\" required ><label class=\"wpforms-field-label-inline\" for=\"wpforms-253-field_3_2\">Mittelfristig (innerhalb der n\u00e4chsten 3-6 Monate)<\/label><\/li><li class=\"choice-3 depth-1\"><input type=\"radio\" id=\"wpforms-253-field_3_3\" name=\"wpforms[fields][3]\" value=\"Langfristig (in mehr als 6 Monaten)\" aria-errormessage=\"wpforms-253-field_3_3-error\" required ><label class=\"wpforms-field-label-inline\" for=\"wpforms-253-field_3_3\">Langfristig (in mehr als 6 Monaten)<\/label><\/li><li class=\"choice-4 depth-1\"><input type=\"radio\" id=\"wpforms-253-field_3_4\" name=\"wpforms[fields][3]\" value=\"Ich informiere mich aktuell nur\" aria-errormessage=\"wpforms-253-field_3_4-error\" required ><label class=\"wpforms-field-label-inline\" for=\"wpforms-253-field_3_4\">Ich informiere mich aktuell nur<\/label><\/li><\/ul><\/fieldset><\/div><div id=\"wpforms-253-field_7-container\" class=\"wpforms-field wpforms-field-textarea\" data-field-id=\"7\"><label class=\"wpforms-field-label\" for=\"wpforms-253-field_7\">Haben Sie bereits konkrete Herausforderungen oder Ziele im Bereich Netzwerk Services?<\/label><textarea id=\"wpforms-253-field_7\" class=\"wpforms-field-medium\" name=\"wpforms[fields][7]\" aria-errormessage=\"wpforms-253-field_7-error\" ><\/textarea><\/div><\/div><!-- .wpforms-field-container --><div class=\"wpforms-submit-container\" ><input type=\"hidden\" name=\"wpforms[id]\" value=\"253\"><input type=\"hidden\" name=\"page_title\" value=\"\"><input type=\"hidden\" name=\"page_url\" value=\"https:\/\/sagersys.de\/index.php\/wp-json\/wp\/v2\/pages\/294\"><input type=\"hidden\" name=\"url_referer\" value=\"\"><button type=\"submit\" name=\"wpforms[submit]\" id=\"wpforms-submit-253\" class=\"wpforms-submit\" aria-live=\"assertive\" value=\"wpforms-submit\">Absenden<\/button><img decoding=\"async\" src=\"https:\/\/sagersys.de\/wp-content\/plugins\/wpforms-lite\/assets\/images\/submit-spin.svg\" class=\"wpforms-submit-spinner\" style=\"display: none;\" width=\"26\" height=\"26\" alt=\"Wird geladen\"><\/div><\/form><\/div>  <!-- .wpforms-container -->","protected":false},"excerpt":{"rendered":"","protected":false},"author":2,"featured_media":0,"parent":0,"menu_order":0,"comment_status":"closed","ping_status":"closed","template":"","meta":{"footnotes":""},"class_list":["post-294","page","type-page","status-publish","hentry"],"_links":{"self":[{"href":"https:\/\/sagersys.de\/index.php\/wp-json\/wp\/v2\/pages\/294","targetHints":{"allow":["GET"]}}],"collection":[{"href":"https:\/\/sagersys.de\/index.php\/wp-json\/wp\/v2\/pages"}],"about":[{"href":"https:\/\/sagersys.de\/index.php\/wp-json\/wp\/v2\/types\/page"}],"author":[{"embeddable":true,"href":"https:\/\/sagersys.de\/index.php\/wp-json\/wp\/v2\/users\/2"}],"replies":[{"embeddable":true,"href":"https:\/\/sagersys.de\/index.php\/wp-json\/wp\/v2\/comments?post=294"}],"version-history":[{"count":1,"href":"https:\/\/sagersys.de\/index.php\/wp-json\/wp\/v2\/pages\/294\/revisions"}],"predecessor-version":[{"id":295,"href":"https:\/\/sagersys.de\/index.php\/wp-json\/wp\/v2\/pages\/294\/revisions\/295"}],"wp:attachment":[{"href":"https:\/\/sagersys.de\/index.php\/wp-json\/wp\/v2\/media?parent=294"}],"curies":[{"name":"wp","href":"https:\/\/api.w.org\/{rel}","templated":true}]}}