{"id":3,"date":"2025-04-06T20:27:55","date_gmt":"2025-04-06T20:27:55","guid":{"rendered":"http:\/\/37.131.245.136\/?page_id=3"},"modified":"2025-05-08T14:21:47","modified_gmt":"2025-05-08T14:21:47","slug":"privacy-policy","status":"publish","type":"page","link":"https:\/\/sagersys.de\/index.php\/privacy-policy\/","title":{"rendered":"Datenschutz"},"content":{"rendered":"\t\t<div data-elementor-type=\"wp-page\" data-elementor-id=\"3\" class=\"elementor elementor-3\">\n\t\t\t\t<div class=\"elementor-element elementor-element-b0c7628 e-flex e-con-boxed e-con e-parent\" data-id=\"b0c7628\" data-element_type=\"container\" data-settings=\"{&quot;background_background&quot;:&quot;classic&quot;}\">\n\t\t\t\t\t<div class=\"e-con-inner\">\n\t\t\t\t<div class=\"elementor-element elementor-element-4afe736 elementor-widget__width-inherit elementor-widget elementor-widget-heading\" data-id=\"4afe736\" data-element_type=\"widget\" data-widget_type=\"heading.default\">\n\t\t\t\t<div class=\"elementor-widget-container\">\n\t\t\t\t\t<h2 class=\"elementor-heading-title elementor-size-default\">Datenschutz<\/h2>\t\t\t\t<\/div>\n\t\t\t\t<\/div>\n\t\t\t\t\t<\/div>\n\t\t\t\t<\/div>\n\t\t<div class=\"elementor-element elementor-element-68df5e31 e-flex e-con-boxed e-con e-parent\" data-id=\"68df5e31\" data-element_type=\"container\">\n\t\t\t\t\t<div class=\"e-con-inner\">\n\t\t\t\t<div class=\"elementor-element elementor-element-7753fe8e elementor-widget elementor-widget-text-editor\" data-id=\"7753fe8e\" data-element_type=\"widget\" data-widget_type=\"text-editor.default\">\n\t\t\t\t<div class=\"elementor-widget-container\">\n\t\t\t\t\t\t\t\t\t<h3 style=\"font-weight: 400;\">Sager Systems Datenschutzerkl\u00e4rung<\/h3>\n<p>Sager Systems GmbH nimmt den Schutz Ihrer Daten sehr ernst.<\/p>\n<p style=\"font-weight: 400;\">Wir sehen uns dazu verpflichtet, die Privatsph\u00e4re aller Personen zu sch\u00fctzen, die unser Angebot in Anspruch nehmen und deren pers\u00f6nliche Daten vertraulich zu behandeln. Grundlage hierzu sind die jeweils geltenden gesetzlichen Bestimmungen.\u00a0<\/p>\n<p>Verantwortlicher Anbieter im datenschutzrechtlichen Sinne<\/p>\n<p style=\"font-weight: 400;\">Sager Systems GmbH<br \/>B\u00fcttnerstra\u00dfe 57<br \/>D \u2013 30165 Hannover<br \/>fon: +49 [0] 511 \u2013 37 29 44<br \/>fax: +49 [0] 511 \u2013 37 29 45<br \/>e-mail:<a href=\"mailto:info@sagersys.de\">info@sagersys.de<\/a><br \/>Gesch\u00e4ftsf\u00fchrung: Peter Sager<br \/>Gerichtsstand: Hannover\u00a0<\/p>\n<h3>Personenbezogene Daten<\/h3>\n<p style=\"font-weight: 400;\">Die Nutzung unserer Website ist in der Regel ohne Angabe personenbezogener Daten m\u00f6glich. Soweit auf unseren Seiten personenbezogene Daten (beispielsweise Name, Anschrift oder E-Mail-Adressen) erhoben werden, erfolgt dies, soweit m\u00f6glich, stets auf freiwilliger Basis.\u00a0<\/p>\n<h3>Kontaktformular<\/h3>\n<p style=\"font-weight: 400;\">Wenn Sie uns \u00fcber das Kontaktformular auf der Sager Systems-Website Anfragen zukommen lassen, werden Ihre Angaben aus dem Anfrageformular inklusive der von Ihnen dort angegebenen Kontaktdaten zwecks Bearbeitung der Anfrage und f\u00fcr den Fall von Anschlussfragen bei uns gespeichert und an unseren Vertrieb weitergegeben.\u00a0<\/p>\n<h3>Daten aus Mailings<\/h3>\n<p style=\"font-weight: 400;\">Wenn Sie den auf der Website angebotenen Newsletter beziehen m\u00f6chten, ben\u00f6tigen wir von Ihnen eine E-Mail-Adresse sowie Informationen, welche uns die \u00dcberpr\u00fcfung gestatten, dass Sie der Inhaber der angegebenen E-Mail-Adresse sind und mit dem Empfang des Newsletters einverstanden sind. Weitere Daten werden nicht erhoben. Diese Daten verwenden wir f\u00fcr den Versand der angeforderten Informationen. Die erteilte Einwilligung zur Speicherung der Daten, der E-Mail-Adresse sowie deren Nutzung zum Versand des Newsletters k\u00f6nnen Sie jederzeit widerrufen, indem Sie eine Nachricht an der im Impressum angegebenen Adresse an uns senden.\u00a0<\/p>\n<h3>Recht auf Auskunft, L\u00f6schung, Sperrung<\/h3>\n<p style=\"font-weight: 400;\">Sie haben jederzeit das Recht auf unentgeltliche Auskunft \u00fcber Ihre gespeicherten personenbezogenen Daten, deren Herkunft und Empf\u00e4nger und den Zweck der Datenverarbeitung sowie ein Recht auf Berichtigung, Sperrung oder L\u00f6schung dieser Daten. Hierzu sowie zu weiteren Fragen zum Thema personenbezogene Daten k\u00f6nnen Sie sich jederzeit unter der im Impressum angegebenen Adresse an uns wenden.\u00a0<\/p>\n<h3>Cookies<\/h3>\n<p style=\"font-weight: 400;\">Dieser Webauftritt verwendet keine Cookies.\u00a0<\/p>\n<h3>Server-Logdateien<\/h3>\n<p style=\"font-weight: 400;\">Unsere Server erheben und speichern automatisch Informationen in sogenannten Server-Logdateien, die automatisch an uns \u00fcbermittelt werden. Dies sind im Regelfall:\u00a0<\/p>\n<ul>\n<li style=\"font-weight: 400;\">Aufgerufene Webseite mit Datum\/Uhrzeit<\/li>\n<li style=\"font-weight: 400;\">IP-Adresse des zugreifenden Rechners<\/li>\n<li style=\"font-weight: 400;\">Browserinformationen<\/li>\n<li style=\"font-weight: 400;\">Eingehende E-Mails (z. B. Supportanfragen)<\/li>\n<\/ul>\n<p style=\"font-weight: 400;\">Ein Besuch unserer Website ist nicht bestimmten Personen zuordenbar. Eine Zusammenf\u00fchrung dieser Daten mit anderen Datenquellen wird nicht vorgenommen. Wir behalten uns vor, diese Daten nachtr\u00e4glich zu pr\u00fcfen, wenn uns konkrete Anhaltspunkte f\u00fcr eine rechtswidrige Nutzung bekannt werden.\u00a0<\/p>\n<h3>Speicherdauer<\/h3>\n<p style=\"font-weight: 400;\">Die von uns gespeicherten Informationen werden gel\u00f6scht, sowie der Grund f\u00fcr die Speicherung entf\u00e4llt und der L\u00f6schung keine gesetzlichen Aufbewahrungspflichten entgegenstehen.\u00a0<\/p>\n<h3>Widerspruch Werbe-Mails<\/h3>\n<p style=\"font-weight: 400;\">Der Nutzung von im Rahmen der Impressumspflicht ver\u00f6ffentlichten Kontaktdaten zur \u00dcbersendung von nicht ausdr\u00fccklich angeforderter Werbung und Informationsmaterialien wird hiermit widersprochen. Die Sager Systems GmbH beh\u00e4lt sich ausdr\u00fccklich rechtliche Schritte im Falle der unverlangten Zusendung von Werbeinformationen, etwa durch Spam-E-Mails, vor.<\/p>\n<p><!-- \/wp:paragraph --><\/p>\t\t\t\t\t\t\t\t<\/div>\n\t\t\t\t<\/div>\n\t\t\t\t\t<\/div>\n\t\t\t\t<\/div>\n\t\t\t\t<\/div>\n\t\t","protected":false},"excerpt":{"rendered":"<p>Datenschutz Sager Systems Datenschutzerkl\u00e4rung Sager Systems GmbH nimmt den Schutz Ihrer Daten sehr ernst. Wir sehen uns dazu verpflichtet, die Privatsph\u00e4re aller Personen zu sch\u00fctzen, die unser Angebot in Anspruch nehmen und deren pers\u00f6nliche Daten vertraulich zu behandeln. Grundlage hierzu &hellip; <a href=\"https:\/\/sagersys.de\/index.php\/privacy-policy\/\">Read More<\/a><\/p>\n","protected":false},"author":1,"featured_media":0,"parent":0,"menu_order":0,"comment_status":"closed","ping_status":"open","template":"","meta":{"footnotes":""},"class_list":["post-3","page","type-page","status-publish","hentry"],"_links":{"self":[{"href":"https:\/\/sagersys.de\/index.php\/wp-json\/wp\/v2\/pages\/3","targetHints":{"allow":["GET"]}}],"collection":[{"href":"https:\/\/sagersys.de\/index.php\/wp-json\/wp\/v2\/pages"}],"about":[{"href":"https:\/\/sagersys.de\/index.php\/wp-json\/wp\/v2\/types\/page"}],"author":[{"embeddable":true,"href":"https:\/\/sagersys.de\/index.php\/wp-json\/wp\/v2\/users\/1"}],"replies":[{"embeddable":true,"href":"https:\/\/sagersys.de\/index.php\/wp-json\/wp\/v2\/comments?post=3"}],"version-history":[{"count":28,"href":"https:\/\/sagersys.de\/index.php\/wp-json\/wp\/v2\/pages\/3\/revisions"}],"predecessor-version":[{"id":332,"href":"https:\/\/sagersys.de\/index.php\/wp-json\/wp\/v2\/pages\/3\/revisions\/332"}],"wp:attachment":[{"href":"https:\/\/sagersys.de\/index.php\/wp-json\/wp\/v2\/media?parent=3"}],"curies":[{"name":"wp","href":"https:\/\/api.w.org\/{rel}","templated":true}]}}